{"id":2701,"date":"2023-03-11T06:24:55","date_gmt":"2023-03-11T06:24:55","guid":{"rendered":"https:\/\/www.adeptisgroup.com\/fr\/?page_id=2701"},"modified":"2025-03-20T14:51:14","modified_gmt":"2025-03-20T14:51:14","slug":"job-search","status":"publish","type":"page","link":"https:\/\/adeptisgroup.com\/fr\/job-search\/","title":{"rendered":"Job Search"},"content":{"rendered":"\t\t<div data-elementor-type=\"wp-page\" data-elementor-id=\"2701\" class=\"elementor elementor-2701\">\n\t\t\t\t\t\t<section class=\"has_eae_slider elementor-section elementor-top-section elementor-element elementor-element-006d5ed elementor-section-height-min-height elementor-section-full_width elementor-section-height-default elementor-section-items-middle\" data-id=\"006d5ed\" data-element_type=\"section\" data-settings=\"{&quot;background_background&quot;:&quot;video&quot;,&quot;background_video_link&quot;:&quot;https:\\\/\\\/adeptisgroup.com\\\/fr\\\/wp-content\\\/uploads\\\/2023\\\/03\\\/header.mov&quot;}\">\n\t\t\t\t\t\t\t\t<div class=\"elementor-background-video-container elementor-hidden-phone\">\n\t\t\t\t\t\t\t\t\t\t\t\t\t<video class=\"elementor-background-video-hosted elementor-html5-video\" autoplay muted playsinline loop><\/video>\n\t\t\t\t\t\t\t\t\t\t\t<\/div>\n\t\t\t\t\t\t\t\t\t<div class=\"elementor-background-overlay\"><\/div>\n\t\t\t\t\t\t\t<div class=\"elementor-container elementor-column-gap-default\">\n\t\t\t\t\t<div class=\"has_eae_slider elementor-column elementor-col-100 elementor-top-column elementor-element elementor-element-e0397b7\" data-id=\"e0397b7\" data-element_type=\"column\">\n\t\t\t<div class=\"elementor-widget-wrap elementor-element-populated\">\n\t\t\t\t\t\t<div class=\"elementor-element elementor-element-0a1cefd elementor-widget elementor-widget-heading\" data-id=\"0a1cefd\" data-element_type=\"widget\" data-widget_type=\"heading.default\">\n\t\t\t\t<div class=\"elementor-widget-container\">\n\t\t\t<style>\/*! elementor - v3.21.0 - 25-04-2024 *\/\n.elementor-heading-title{padding:0;margin:0;line-height:1}.elementor-widget-heading .elementor-heading-title[class*=elementor-size-]>a{color:inherit;font-size:inherit;line-height:inherit}.elementor-widget-heading .elementor-heading-title.elementor-size-small{font-size:15px}.elementor-widget-heading .elementor-heading-title.elementor-size-medium{font-size:19px}.elementor-widget-heading .elementor-heading-title.elementor-size-large{font-size:29px}.elementor-widget-heading .elementor-heading-title.elementor-size-xl{font-size:39px}.elementor-widget-heading .elementor-heading-title.elementor-size-xxl{font-size:59px}<\/style><h2 class=\"elementor-heading-title elementor-size-default\">Recherche d'emploi<\/h2>\t\t<\/div>\n\t\t\t\t<\/div>\n\t\t\t\t\t<\/div>\n\t\t<\/div>\n\t\t\t\t\t<\/div>\n\t\t<\/section>\n\t\t\t\t<section class=\"has_eae_slider elementor-section elementor-top-section elementor-element elementor-element-d35e3cd elementor-section-height-min-height elementor-section-full_width elementor-hidden-mobile elementor-section-height-default elementor-section-items-middle\" data-id=\"d35e3cd\" data-element_type=\"section\" data-settings=\"{&quot;background_background&quot;:&quot;gradient&quot;,&quot;animation&quot;:&quot;none&quot;}\">\n\t\t\t\t\t\t<div class=\"elementor-container elementor-column-gap-default\">\n\t\t\t\t\t<div class=\"has_eae_slider make-column-clickable-elementor elementor-column elementor-col-25 elementor-top-column elementor-element elementor-element-6699a44\" style=\"cursor: pointer;\" data-column-clickable=\"https:\/\/adeptisgroup.com\/fr\/job-search\/\" data-column-clickable-blank=\"_self\" data-id=\"6699a44\" data-element_type=\"column\" data-settings=\"{&quot;animation&quot;:&quot;none&quot;,&quot;animation_delay&quot;:500}\">\n\t\t\t<div class=\"elementor-widget-wrap elementor-element-populated\">\n\t\t\t\t\t\t<div class=\"elementor-element elementor-element-df9b48d elementor-position-left elementor-vertical-align-top elementor-widget elementor-widget-image-box\" data-id=\"df9b48d\" data-element_type=\"widget\" data-widget_type=\"image-box.default\">\n\t\t\t\t<div class=\"elementor-widget-container\">\n\t\t\t<style>\/*! elementor - v3.21.0 - 25-04-2024 *\/\n.elementor-widget-image-box .elementor-image-box-content{width:100%}@media (min-width:768px){.elementor-widget-image-box.elementor-position-left .elementor-image-box-wrapper,.elementor-widget-image-box.elementor-position-right .elementor-image-box-wrapper{display:flex}.elementor-widget-image-box.elementor-position-right .elementor-image-box-wrapper{text-align:end;flex-direction:row-reverse}.elementor-widget-image-box.elementor-position-left .elementor-image-box-wrapper{text-align:start;flex-direction:row}.elementor-widget-image-box.elementor-position-top .elementor-image-box-img{margin:auto}.elementor-widget-image-box.elementor-vertical-align-top .elementor-image-box-wrapper{align-items:flex-start}.elementor-widget-image-box.elementor-vertical-align-middle .elementor-image-box-wrapper{align-items:center}.elementor-widget-image-box.elementor-vertical-align-bottom .elementor-image-box-wrapper{align-items:flex-end}}@media (max-width:767px){.elementor-widget-image-box .elementor-image-box-img{margin-left:auto!important;margin-right:auto!important;margin-bottom:15px}}.elementor-widget-image-box .elementor-image-box-img{display:inline-block}.elementor-widget-image-box .elementor-image-box-title a{color:inherit}.elementor-widget-image-box .elementor-image-box-wrapper{text-align:center}.elementor-widget-image-box .elementor-image-box-description{margin:0}<\/style><div class=\"elementor-image-box-wrapper\"><figure class=\"elementor-image-box-img\"><img fetchpriority=\"high\" decoding=\"async\" width=\"512\" height=\"512\" src=\"https:\/\/adeptisgroup.com\/fr\/wp-content\/uploads\/2023\/02\/job-description-1.png\" class=\"elementor-animation-grow attachment-full size-full wp-image-2255\" alt=\"\" srcset=\"https:\/\/adeptisgroup.com\/fr\/wp-content\/uploads\/2023\/02\/job-description-1.png 512w, https:\/\/adeptisgroup.com\/fr\/wp-content\/uploads\/2023\/02\/job-description-1-300x300.png 300w, https:\/\/adeptisgroup.com\/fr\/wp-content\/uploads\/2023\/02\/job-description-1-150x150.png 150w\" sizes=\"(max-width: 512px) 100vw, 512px\" \/><\/figure><div class=\"elementor-image-box-content\"><h5 class=\"elementor-image-box-title\">Recherche d'emploi<\/h5><p class=\"elementor-image-box-description\">Recherchez votre nouvelle opportunit\u00e9 <\/p><\/div><\/div>\t\t<\/div>\n\t\t\t\t<\/div>\n\t\t\t\t\t<\/div>\n\t\t<\/div>\n\t\t\t\t<div class=\"has_eae_slider make-column-clickable-elementor elementor-column elementor-col-25 elementor-top-column elementor-element elementor-element-a7ebd23\" style=\"cursor: pointer;\" data-column-clickable=\"#elementor-action%3Aaction%3Dpopup%3Aopen%26settings%3DeyJpZCI6IjQwODAiLCJ0b2dnbGUiOmZhbHNlfQ%3D%3D\" data-column-clickable-blank=\"_self\" data-id=\"a7ebd23\" data-element_type=\"column\" data-settings=\"{&quot;animation&quot;:&quot;none&quot;,&quot;animation_delay&quot;:500}\">\n\t\t\t<div class=\"elementor-widget-wrap elementor-element-populated\">\n\t\t\t\t\t\t<div class=\"elementor-element elementor-element-6a810a2 elementor-position-left elementor-vertical-align-top elementor-widget elementor-widget-image-box\" data-id=\"6a810a2\" data-element_type=\"widget\" data-widget_type=\"image-box.default\">\n\t\t\t\t<div class=\"elementor-widget-container\">\n\t\t\t<div class=\"elementor-image-box-wrapper\"><figure class=\"elementor-image-box-img\"><img decoding=\"async\" width=\"512\" height=\"512\" src=\"https:\/\/adeptisgroup.com\/fr\/wp-content\/uploads\/2023\/02\/send-cv-1.png\" class=\"elementor-animation-grow attachment-full size-full wp-image-2256\" alt=\"\" srcset=\"https:\/\/adeptisgroup.com\/fr\/wp-content\/uploads\/2023\/02\/send-cv-1.png 512w, https:\/\/adeptisgroup.com\/fr\/wp-content\/uploads\/2023\/02\/send-cv-1-300x300.png 300w, https:\/\/adeptisgroup.com\/fr\/wp-content\/uploads\/2023\/02\/send-cv-1-150x150.png 150w\" sizes=\"(max-width: 512px) 100vw, 512px\" \/><\/figure><div class=\"elementor-image-box-content\"><h5 class=\"elementor-image-box-title\">T\u00e9l\u00e9chargez CV  <\/h5><p class=\"elementor-image-box-description\">Faites-vous remarquer par un de nos recruteurs d\u00e8s aujourd'hui <\/p><\/div><\/div>\t\t<\/div>\n\t\t\t\t<\/div>\n\t\t\t\t\t<\/div>\n\t\t<\/div>\n\t\t\t\t<div class=\"has_eae_slider make-column-clickable-elementor elementor-column elementor-col-25 elementor-top-column elementor-element elementor-element-a883fcc\" style=\"cursor: pointer;\" data-column-clickable=\"#elementor-action%3Aaction%3Dpopup%3Aopen%26settings%3DeyJpZCI6IjQwODMiLCJ0b2dnbGUiOmZhbHNlfQ%3D%3D\" data-column-clickable-blank=\"_self\" data-id=\"a883fcc\" data-element_type=\"column\" data-settings=\"{&quot;animation&quot;:&quot;none&quot;,&quot;animation_delay&quot;:500}\">\n\t\t\t<div class=\"elementor-widget-wrap elementor-element-populated\">\n\t\t\t\t\t\t<div class=\"elementor-element elementor-element-17d477a elementor-position-left elementor-vertical-align-top elementor-widget elementor-widget-image-box\" data-id=\"17d477a\" data-element_type=\"widget\" data-widget_type=\"image-box.default\">\n\t\t\t\t<div class=\"elementor-widget-container\">\n\t\t\t<div class=\"elementor-image-box-wrapper\"><figure class=\"elementor-image-box-img\"><img decoding=\"async\" width=\"512\" height=\"512\" src=\"https:\/\/adeptisgroup.com\/fr\/wp-content\/uploads\/2023\/02\/vacancy-1.png\" class=\"elementor-animation-grow attachment-full size-full wp-image-2257\" alt=\"\" srcset=\"https:\/\/adeptisgroup.com\/fr\/wp-content\/uploads\/2023\/02\/vacancy-1.png 512w, https:\/\/adeptisgroup.com\/fr\/wp-content\/uploads\/2023\/02\/vacancy-1-300x300.png 300w, https:\/\/adeptisgroup.com\/fr\/wp-content\/uploads\/2023\/02\/vacancy-1-150x150.png 150w\" sizes=\"(max-width: 512px) 100vw, 512px\" \/><\/figure><div class=\"elementor-image-box-content\"><h5 class=\"elementor-image-box-title\">Publier une offre<\/h5><p class=\"elementor-image-box-description\">Adeptis Group peut vous aider a trouver le candidat id\u00e9al<\/p><\/div><\/div>\t\t<\/div>\n\t\t\t\t<\/div>\n\t\t\t\t\t<\/div>\n\t\t<\/div>\n\t\t\t\t<div class=\"has_eae_slider make-column-clickable-elementor elementor-column elementor-col-25 elementor-top-column elementor-element elementor-element-67af4bb\" style=\"cursor: pointer;\" data-column-clickable=\"https:\/\/adeptisgroup.com\/fr\/contact-us\/\" data-column-clickable-blank=\"_self\" data-id=\"67af4bb\" data-element_type=\"column\" data-settings=\"{&quot;animation&quot;:&quot;none&quot;,&quot;animation_delay&quot;:500}\">\n\t\t\t<div class=\"elementor-widget-wrap elementor-element-populated\">\n\t\t\t\t\t\t<div class=\"elementor-element elementor-element-9a6bddd elementor-position-left elementor-vertical-align-top elementor-widget elementor-widget-image-box\" data-id=\"9a6bddd\" data-element_type=\"widget\" data-widget_type=\"image-box.default\">\n\t\t\t\t<div class=\"elementor-widget-container\">\n\t\t\t<div class=\"elementor-image-box-wrapper\"><figure class=\"elementor-image-box-img\"><img loading=\"lazy\" decoding=\"async\" width=\"512\" height=\"512\" src=\"https:\/\/adeptisgroup.com\/fr\/wp-content\/uploads\/2023\/02\/contact-1.png\" class=\"elementor-animation-grow attachment-full size-full wp-image-2254\" alt=\"\" srcset=\"https:\/\/adeptisgroup.com\/fr\/wp-content\/uploads\/2023\/02\/contact-1.png 512w, https:\/\/adeptisgroup.com\/fr\/wp-content\/uploads\/2023\/02\/contact-1-300x300.png 300w, https:\/\/adeptisgroup.com\/fr\/wp-content\/uploads\/2023\/02\/contact-1-150x150.png 150w\" sizes=\"(max-width: 512px) 100vw, 512px\" \/><\/figure><div class=\"elementor-image-box-content\"><h5 class=\"elementor-image-box-title\">Contactez nous<\/h5><p class=\"elementor-image-box-description\">Contactez-nous d\u00e8s aujourd'hui pour discuter de vos besoins en recrutement<\/p><\/div><\/div>\t\t<\/div>\n\t\t\t\t<\/div>\n\t\t\t\t\t<\/div>\n\t\t<\/div>\n\t\t\t\t\t<\/div>\n\t\t<\/section>\n\t\t\t\t<section class=\"has_eae_slider elementor-section elementor-top-section elementor-element elementor-element-0cbb89a elementor-section-height-min-height elementor-section-full_width elementor-hidden-desktop elementor-hidden-tablet elementor-section-content-top elementor-section-height-default elementor-section-items-middle\" data-id=\"0cbb89a\" data-element_type=\"section\" data-settings=\"{&quot;background_background&quot;:&quot;gradient&quot;,&quot;animation&quot;:&quot;none&quot;}\">\n\t\t\t\t\t\t<div class=\"elementor-container elementor-column-gap-default\">\n\t\t\t\t\t<div class=\"has_eae_slider make-column-clickable-elementor elementor-column elementor-col-25 elementor-top-column elementor-element elementor-element-bf10282\" style=\"cursor: pointer;\" data-column-clickable=\"https:\/\/www.adeptisgroup.com\/job-search\/\" data-column-clickable-blank=\"_self\" data-id=\"bf10282\" data-element_type=\"column\" data-settings=\"{&quot;animation&quot;:&quot;none&quot;,&quot;animation_delay&quot;:500}\">\n\t\t\t<div class=\"elementor-widget-wrap elementor-element-populated\">\n\t\t\t\t\t\t<div class=\"elementor-element elementor-element-ae84063 elementor-widget-mobile__width-auto elementor-vertical-align-top elementor-widget elementor-widget-image-box\" data-id=\"ae84063\" data-element_type=\"widget\" data-widget_type=\"image-box.default\">\n\t\t\t\t<div class=\"elementor-widget-container\">\n\t\t\t<div class=\"elementor-image-box-wrapper\"><div class=\"elementor-image-box-content\"><h5 class=\"elementor-image-box-title\"><a href=\"https:\/\/www.adeptisgroup.com\/job-search\/\">Recherche d'emploi<\/a><\/h5><p class=\"elementor-image-box-description\">Recherchez votre<br>nouvelle opportunit\u00e9 <\/p><\/div><\/div>\t\t<\/div>\n\t\t\t\t<\/div>\n\t\t\t\t\t<\/div>\n\t\t<\/div>\n\t\t\t\t<div class=\"has_eae_slider make-column-clickable-elementor elementor-column elementor-col-25 elementor-top-column elementor-element elementor-element-ac2ca77\" style=\"cursor: pointer;\" data-column-clickable=\"#elementor-action%3Aaction%3Dpopup%3Aopen%26settings%3DeyJpZCI6IjQwODAiLCJ0b2dnbGUiOmZhbHNlfQ%3D%3D\" data-column-clickable-blank=\"_self\" data-id=\"ac2ca77\" data-element_type=\"column\" data-settings=\"{&quot;animation&quot;:&quot;none&quot;,&quot;animation_delay&quot;:500}\">\n\t\t\t<div class=\"elementor-widget-wrap elementor-element-populated\">\n\t\t\t\t\t\t<div class=\"elementor-element elementor-element-41bc848 elementor-widget-mobile__width-auto elementor-vertical-align-top elementor-widget elementor-widget-image-box\" data-id=\"41bc848\" data-element_type=\"widget\" data-widget_type=\"image-box.default\">\n\t\t\t\t<div class=\"elementor-widget-container\">\n\t\t\t<div class=\"elementor-image-box-wrapper\"><div class=\"elementor-image-box-content\"><h5 class=\"elementor-image-box-title\"><a href=\"#elementor-action%3Aaction%3Dpopup%3Aopen%26settings%3DeyJpZCI6IjQwODAiLCJ0b2dnbGUiOmZhbHNlfQ%3D%3D\">T\u00e9l\u00e9chargez CV  <\/a><\/h5><p class=\"elementor-image-box-description\">Faites-vous remarquer par un de nos recruteurs d\u00e8s aujourd'hui <\/p><\/div><\/div>\t\t<\/div>\n\t\t\t\t<\/div>\n\t\t\t\t\t<\/div>\n\t\t<\/div>\n\t\t\t\t<div class=\"has_eae_slider make-column-clickable-elementor elementor-column elementor-col-25 elementor-top-column elementor-element elementor-element-08bfa9c\" style=\"cursor: pointer;\" data-column-clickable=\"#elementor-action%3Aaction%3Dpopup%3Aopen%26settings%3DeyJpZCI6IjQwODMiLCJ0b2dnbGUiOmZhbHNlfQ%3D%3D\" data-column-clickable-blank=\"_self\" data-id=\"08bfa9c\" data-element_type=\"column\" data-settings=\"{&quot;animation&quot;:&quot;none&quot;,&quot;animation_delay&quot;:500}\">\n\t\t\t<div class=\"elementor-widget-wrap elementor-element-populated\">\n\t\t\t\t\t\t<div class=\"elementor-element elementor-element-e250575 elementor-widget-mobile__width-auto elementor-vertical-align-top elementor-widget elementor-widget-image-box\" data-id=\"e250575\" data-element_type=\"widget\" data-widget_type=\"image-box.default\">\n\t\t\t\t<div class=\"elementor-widget-container\">\n\t\t\t<div class=\"elementor-image-box-wrapper\"><div class=\"elementor-image-box-content\"><h5 class=\"elementor-image-box-title\"><a href=\"#elementor-action%3Aaction%3Dpopup%3Aopen%26settings%3DeyJpZCI6IjQwODMiLCJ0b2dnbGUiOmZhbHNlfQ%3D%3D\">Publier une offre<\/a><\/h5><p class=\"elementor-image-box-description\">Adeptis Group peut vous aider a trouver le candidat id\u00e9al<\/p><\/div><\/div>\t\t<\/div>\n\t\t\t\t<\/div>\n\t\t\t\t\t<\/div>\n\t\t<\/div>\n\t\t\t\t<div class=\"has_eae_slider make-column-clickable-elementor elementor-column elementor-col-25 elementor-top-column elementor-element elementor-element-385a17a\" style=\"cursor: pointer;\" data-column-clickable=\"https:\/\/www.adeptisgroup.com\/job-search\/\" data-column-clickable-blank=\"_self\" data-id=\"385a17a\" data-element_type=\"column\" data-settings=\"{&quot;animation&quot;:&quot;none&quot;,&quot;animation_delay&quot;:500}\">\n\t\t\t<div class=\"elementor-widget-wrap elementor-element-populated\">\n\t\t\t\t\t\t<div class=\"elementor-element elementor-element-325913d elementor-widget-mobile__width-auto elementor-vertical-align-top elementor-widget elementor-widget-image-box\" data-id=\"325913d\" data-element_type=\"widget\" data-widget_type=\"image-box.default\">\n\t\t\t\t<div class=\"elementor-widget-container\">\n\t\t\t<div class=\"elementor-image-box-wrapper\"><div class=\"elementor-image-box-content\"><h5 class=\"elementor-image-box-title\"><a href=\"https:\/\/www.adeptisgroup.com\/contact-us\/\">Contactez nous<\/a><\/h5><p class=\"elementor-image-box-description\">Contactez-nous d\u00e8s aujourd'hui pour discuter de vos besoins en recrutement<\/p><\/div><\/div>\t\t<\/div>\n\t\t\t\t<\/div>\n\t\t\t\t\t<\/div>\n\t\t<\/div>\n\t\t\t\t\t<\/div>\n\t\t<\/section>\n\t\t\t\t<section class=\"has_eae_slider elementor-section elementor-top-section elementor-element elementor-element-ed2a15b elementor-section-full_width elementor-section-height-default elementor-section-height-default\" data-id=\"ed2a15b\" data-element_type=\"section\">\n\t\t\t\t\t\t<div class=\"elementor-container elementor-column-gap-default\">\n\t\t\t\t\t<div class=\"has_eae_slider elementor-column elementor-col-100 elementor-top-column elementor-element elementor-element-87f0a15\" data-id=\"87f0a15\" data-element_type=\"column\">\n\t\t\t<div class=\"elementor-widget-wrap elementor-element-populated\">\n\t\t\t\t\t\t<div class=\"elementor-element elementor-element-3d2547f elementor-widget elementor-widget-html\" data-id=\"3d2547f\" data-element_type=\"widget\" data-widget_type=\"html.default\">\n\t\t\t\t<div class=\"elementor-widget-container\">\n\t\t\t<iframe src='https:\/\/adeptis-group.app.loxo.co\/adeptis-group' width='100%' height='1000px' frameborder=0><\/iframe>\t\t<\/div>\n\t\t\t\t<\/div>\n\t\t\t\t\t<\/div>\n\t\t<\/div>\n\t\t\t\t\t<\/div>\n\t\t<\/section>\n\t\t\t\t<\/div>\n\t\t","protected":false},"excerpt":{"rendered":"<p>Recherche d&#8217;emploi Recherche d&#8217;emploi Recherchez votre nouvelle opportunit\u00e9 T\u00e9l\u00e9chargez CV Faites-vous remarquer par un de nos recruteurs d\u00e8s aujourd&#8217;hui Publier une offre Adeptis Group peut vous aider a trouver le candidat id\u00e9al Contactez nous Contactez-nous d\u00e8s aujourd&#8217;hui pour discuter de vos besoins en recrutement Recherche d&#8217;emploi Recherchez votrenouvelle opportunit\u00e9 T\u00e9l\u00e9chargez CV Faites-vous remarquer par un [&hellip;]<\/p>\n","protected":false},"author":3,"featured_media":0,"parent":0,"menu_order":0,"comment_status":"closed","ping_status":"closed","template":"elementor_header_footer","meta":{"inline_featured_image":false,"site-sidebar-layout":"no-sidebar","site-content-layout":"page-builder","ast-site-content-layout":"","site-content-style":"default","site-sidebar-style":"default","ast-global-header-display":"","ast-banner-title-visibility":"","ast-main-header-display":"","ast-hfb-above-header-display":"","ast-hfb-below-header-display":"","ast-hfb-mobile-header-display":"","site-post-title":"disabled","ast-breadcrumbs-content":"","ast-featured-img":"disabled","footer-sml-layout":"","theme-transparent-header-meta":"default","adv-header-id-meta":"","stick-header-meta":"","header-above-stick-meta":"","header-main-stick-meta":"","header-below-stick-meta":"","astra-migrate-meta-layouts":"default","ast-page-background-enabled":"default","ast-page-background-meta":{"desktop":{"background-color":"var(--ast-global-color-4)","background-image":"","background-repeat":"repeat","background-position":"center center","background-size":"auto","background-attachment":"scroll","background-type":"","background-media":"","overlay-type":"","overlay-color":"","overlay-gradient":""},"tablet":{"background-color":"","background-image":"","background-repeat":"repeat","background-position":"center center","background-size":"auto","background-attachment":"scroll","background-type":"","background-media":"","overlay-type":"","overlay-color":"","overlay-gradient":""},"mobile":{"background-color":"","background-image":"","background-repeat":"repeat","background-position":"center center","background-size":"auto","background-attachment":"scroll","background-type":"","background-media":"","overlay-type":"","overlay-color":"","overlay-gradient":""}},"ast-content-background-meta":{"desktop":{"background-color":"var(--ast-global-color-5)","background-image":"","background-repeat":"repeat","background-position":"center center","background-size":"auto","background-attachment":"scroll","background-type":"","background-media":"","overlay-type":"","overlay-color":"","overlay-gradient":""},"tablet":{"background-color":"var(--ast-global-color-5)","background-image":"","background-repeat":"repeat","background-position":"center center","background-size":"auto","background-attachment":"scroll","background-type":"","background-media":"","overlay-type":"","overlay-color":"","overlay-gradient":""},"mobile":{"background-color":"var(--ast-global-color-5)","background-image":"","background-repeat":"repeat","background-position":"center center","background-size":"auto","background-attachment":"scroll","background-type":"","background-media":"","overlay-type":"","overlay-color":"","overlay-gradient":""}},"footnotes":""},"class_list":["post-2701","page","type-page","status-publish","hentry"],"_links":{"self":[{"href":"https:\/\/adeptisgroup.com\/fr\/wp-json\/wp\/v2\/pages\/2701","targetHints":{"allow":["GET"]}}],"collection":[{"href":"https:\/\/adeptisgroup.com\/fr\/wp-json\/wp\/v2\/pages"}],"about":[{"href":"https:\/\/adeptisgroup.com\/fr\/wp-json\/wp\/v2\/types\/page"}],"author":[{"embeddable":true,"href":"https:\/\/adeptisgroup.com\/fr\/wp-json\/wp\/v2\/users\/3"}],"replies":[{"embeddable":true,"href":"https:\/\/adeptisgroup.com\/fr\/wp-json\/wp\/v2\/comments?post=2701"}],"version-history":[{"count":0,"href":"https:\/\/adeptisgroup.com\/fr\/wp-json\/wp\/v2\/pages\/2701\/revisions"}],"wp:attachment":[{"href":"https:\/\/adeptisgroup.com\/fr\/wp-json\/wp\/v2\/media?parent=2701"}],"curies":[{"name":"wp","href":"https:\/\/api.w.org\/{rel}","templated":true}]}}